{"id":27768,"date":"2023-09-22T00:30:56","date_gmt":"2023-09-22T03:30:56","guid":{"rendered":"https:\/\/www.topinvest.com.br\/?page_id=27768"},"modified":"2023-09-22T00:30:57","modified_gmt":"2023-09-22T03:30:57","slug":"apostilas","status":"publish","type":"page","link":"https:\/\/www.topinvest.com.br\/blog\/apostilas\/","title":{"rendered":"Apostilas Gratuitas para Certifica\u00e7\u00f5es Anbima, Ancord, Abecip, Planejar, Apimec, Febraban e Aneps"},"content":{"rendered":"\n<p>Abaixo listamos todas nossas apostilas gratuitas para voc\u00ea poder estudar para a sua certifica\u00e7\u00e3o financeira:<\/p>\n","protected":false},"excerpt":{"rendered":"<p>Abaixo listamos todas nossas apostilas gratuitas para voc\u00ea poder estudar para a sua certifica\u00e7\u00e3o financeira:<\/p>\n","protected":false},"author":822,"featured_media":0,"parent":0,"menu_order":0,"comment_status":"closed","ping_status":"closed","template":"pages\/apostilas.php","meta":{"_acf_changed":false,"_editorskit_title_hidden":false,"_editorskit_reading_time":0,"_editorskit_is_block_options_detached":false,"_editorskit_block_options_position":"{}","advgb_blocks_editor_width":"","advgb_blocks_columns_visual_guide":"","footnotes":""},"class_list":["post-27768","page","type-page","status-publish","hentry"],"acf":[],"coauthors":[],"author_meta":{"author_link":"https:\/\/www.topinvest.com.br\/blog\/author\/diulit\/","display_name":"Diulit"},"relative_dates":{"created":"Publicado 3 anos atr\u00e1s","modified":"Atualizado 3 anos atr\u00e1s"},"absolute_dates":{"created":"Publicado em 22 de setembro de 2023","modified":"Atualizado em 22 de setembro de 2023"},"absolute_dates_time":{"created":"Publicado em 22 de setembro de 2023 00:30","modified":"Atualizado em 22 de setembro de 2023 00:30"},"featured_img_caption":"","featured_img":false,"series_order":"","_links":{"self":[{"href":"https:\/\/www.topinvest.com.br\/blog\/wp-json\/wp\/v2\/pages\/27768","targetHints":{"allow":["GET"]}}],"collection":[{"href":"https:\/\/www.topinvest.com.br\/blog\/wp-json\/wp\/v2\/pages"}],"about":[{"href":"https:\/\/www.topinvest.com.br\/blog\/wp-json\/wp\/v2\/types\/page"}],"author":[{"embeddable":true,"href":"https:\/\/www.topinvest.com.br\/blog\/wp-json\/wp\/v2\/users\/822"}],"replies":[{"embeddable":true,"href":"https:\/\/www.topinvest.com.br\/blog\/wp-json\/wp\/v2\/comments?post=27768"}],"version-history":[{"count":1,"href":"https:\/\/www.topinvest.com.br\/blog\/wp-json\/wp\/v2\/pages\/27768\/revisions"}],"predecessor-version":[{"id":27769,"href":"https:\/\/www.topinvest.com.br\/blog\/wp-json\/wp\/v2\/pages\/27768\/revisions\/27769"}],"wp:attachment":[{"href":"https:\/\/www.topinvest.com.br\/blog\/wp-json\/wp\/v2\/media?parent=27768"}],"curies":[{"name":"wp","href":"https:\/\/api.w.org\/{rel}","templated":true}]}}