{"id":2416,"date":"2016-12-22T15:35:37","date_gmt":"2016-12-22T17:35:37","guid":{"rendered":"http:\/\/topinvest.com.br\/?page_id=2416"},"modified":"2026-03-23T09:15:16","modified_gmt":"2026-03-23T12:15:16","slug":"contato","status":"publish","type":"page","link":"https:\/\/www.topinvest.com.br\/blog\/contato\/","title":{"rendered":"Contato"},"content":{"rendered":"\n<p>Seja bem-vindo \u00e0 nossa<\/p>\n\n\n\n<h2 class=\"wp-block-heading\">CENTRAL DE ATENDIMENTO<\/h2>\n\n\n\n<p>Nosso atendimento funciona das <strong>08:30 \u00e0s 12:00<\/strong> e das <strong>13:30 \u00e0s 18:00<\/strong> em dias \u00fateis.<\/p>\n\n\n\n<script src=\"\/\/code.jivosite.com\/widget\/gCUL28ngUp\" async><\/script>\n","protected":false},"excerpt":{"rendered":"<p>Seja bem-vindo \u00e0 nossa CENTRAL DE ATENDIMENTO Nosso atendimento funciona das 08:30 \u00e0s 12:00 e das 13:30 \u00e0s 18:00 em dias \u00fateis.<\/p>\n","protected":false},"author":1,"featured_media":0,"parent":0,"menu_order":0,"comment_status":"closed","ping_status":"closed","template":"pages\/contact.php","meta":{"_acf_changed":false,"_editorskit_title_hidden":false,"_editorskit_reading_time":1,"_editorskit_is_block_options_detached":false,"_editorskit_block_options_position":"{}","advgb_blocks_editor_width":"","advgb_blocks_columns_visual_guide":"","footnotes":""},"class_list":["post-2416","page","type-page","status-publish","hentry"],"acf":[],"coauthors":[],"author_meta":{"author_link":"https:\/\/www.topinvest.com.br\/blog\/author\/kleber\/","display_name":"Kleber Stumpf"},"relative_dates":{"created":"Publicado 9 anos atr\u00e1s","modified":"Atualizado 1 m\u00eas atr\u00e1s"},"absolute_dates":{"created":"Publicado em 22 de dezembro de 2016","modified":"Atualizado em 23 de mar\u00e7o de 2026"},"absolute_dates_time":{"created":"Publicado em 22 de dezembro de 2016 15:35","modified":"Atualizado em 23 de mar\u00e7o de 2026 09:15"},"featured_img_caption":"","featured_img":false,"series_order":"","_links":{"self":[{"href":"https:\/\/www.topinvest.com.br\/blog\/wp-json\/wp\/v2\/pages\/2416","targetHints":{"allow":["GET"]}}],"collection":[{"href":"https:\/\/www.topinvest.com.br\/blog\/wp-json\/wp\/v2\/pages"}],"about":[{"href":"https:\/\/www.topinvest.com.br\/blog\/wp-json\/wp\/v2\/types\/page"}],"author":[{"embeddable":true,"href":"https:\/\/www.topinvest.com.br\/blog\/wp-json\/wp\/v2\/users\/1"}],"replies":[{"embeddable":true,"href":"https:\/\/www.topinvest.com.br\/blog\/wp-json\/wp\/v2\/comments?post=2416"}],"version-history":[{"count":18,"href":"https:\/\/www.topinvest.com.br\/blog\/wp-json\/wp\/v2\/pages\/2416\/revisions"}],"predecessor-version":[{"id":30103,"href":"https:\/\/www.topinvest.com.br\/blog\/wp-json\/wp\/v2\/pages\/2416\/revisions\/30103"}],"wp:attachment":[{"href":"https:\/\/www.topinvest.com.br\/blog\/wp-json\/wp\/v2\/media?parent=2416"}],"curies":[{"name":"wp","href":"https:\/\/api.w.org\/{rel}","templated":true}]}}