{"id":17925,"date":"2020-07-01T14:24:20","date_gmt":"2020-07-01T17:24:20","guid":{"rendered":"https:\/\/www.topinvest.com.br\/?page_id=17925"},"modified":"2023-10-20T11:29:07","modified_gmt":"2023-10-20T14:29:07","slug":"trabalhe-conosco","status":"publish","type":"page","link":"https:\/\/www.topinvest.com.br\/blog\/trabalhe-conosco\/","title":{"rendered":"Somos uma EdTech da \u00e1rea Financeira que faz parte do Grupo Primo, o maior ecossistema de educa\u00e7\u00e3o financeira do Brasil"},"content":{"rendered":"\n<p>Temos os melhores cursos preparat\u00f3rios online para diversas certifica\u00e7\u00f5es financeiras\u200b<\/p>\n","protected":false},"excerpt":{"rendered":"<p>Temos os melhores cursos preparat\u00f3rios online para diversas certifica\u00e7\u00f5es financeiras\u200b<\/p>\n","protected":false},"author":1,"featured_media":0,"parent":0,"menu_order":0,"comment_status":"closed","ping_status":"closed","template":"pages\/careers.php","meta":{"_acf_changed":false,"_editorskit_title_hidden":false,"_editorskit_reading_time":1,"_editorskit_is_block_options_detached":false,"_editorskit_block_options_position":"{}","advgb_blocks_editor_width":"","advgb_blocks_columns_visual_guide":"","footnotes":""},"class_list":["post-17925","page","type-page","status-publish","hentry"],"acf":[],"coauthors":[],"author_meta":{"author_link":"https:\/\/www.topinvest.com.br\/blog\/author\/kleber\/","display_name":"Kleber Stumpf"},"relative_dates":{"created":"Publicado 6 anos atr\u00e1s","modified":"Atualizado 3 anos atr\u00e1s"},"absolute_dates":{"created":"Publicado em 1 de julho de 2020","modified":"Atualizado em 20 de outubro de 2023"},"absolute_dates_time":{"created":"Publicado em 1 de julho de 2020 14:24","modified":"Atualizado em 20 de outubro de 2023 11:29"},"featured_img_caption":"","featured_img":false,"series_order":"","_links":{"self":[{"href":"https:\/\/www.topinvest.com.br\/blog\/wp-json\/wp\/v2\/pages\/17925","targetHints":{"allow":["GET"]}}],"collection":[{"href":"https:\/\/www.topinvest.com.br\/blog\/wp-json\/wp\/v2\/pages"}],"about":[{"href":"https:\/\/www.topinvest.com.br\/blog\/wp-json\/wp\/v2\/types\/page"}],"author":[{"embeddable":true,"href":"https:\/\/www.topinvest.com.br\/blog\/wp-json\/wp\/v2\/users\/1"}],"replies":[{"embeddable":true,"href":"https:\/\/www.topinvest.com.br\/blog\/wp-json\/wp\/v2\/comments?post=17925"}],"version-history":[{"count":65,"href":"https:\/\/www.topinvest.com.br\/blog\/wp-json\/wp\/v2\/pages\/17925\/revisions"}],"predecessor-version":[{"id":27801,"href":"https:\/\/www.topinvest.com.br\/blog\/wp-json\/wp\/v2\/pages\/17925\/revisions\/27801"}],"wp:attachment":[{"href":"https:\/\/www.topinvest.com.br\/blog\/wp-json\/wp\/v2\/media?parent=17925"}],"curies":[{"name":"wp","href":"https:\/\/api.w.org\/{rel}","templated":true}]}}