{"id":14395,"date":"2020-02-25T14:38:07","date_gmt":"2020-02-25T17:38:07","guid":{"rendered":"https:\/\/www.topinvest.com.br\/sobre\/"},"modified":"2025-01-22T10:08:27","modified_gmt":"2025-01-22T13:08:27","slug":"sobre","status":"publish","type":"page","link":"https:\/\/www.topinvest.com.br\/blog\/sobre\/","title":{"rendered":"Somos uma EdTech da \u00e1rea Financeira que faz parte do Grupo Primo, o maior ecossistema de educa\u00e7\u00e3o financeira do Brasil"},"content":{"rendered":"\n<p>Temos os melhores cursos preparat\u00f3rios online para diversas certifica\u00e7\u00f5es financeiras.\u200b<\/p>\n\n\n\n<p>Milhares alunos da TopInvest j\u00e1 garantiram a sua certifica\u00e7\u00e3o financeira nesses mais de 10 anos de atua\u00e7\u00e3o.&nbsp;\u200b<\/p>\n\n\n\n<p>Nossa experi\u00eancia, aliada a uma plataforma completa, faz com que sejamos refer\u00eancia na \u00e1rea.\u200b<\/p>\n\n\n\n<p><\/p>\n","protected":false},"excerpt":{"rendered":"<p>Temos os melhores cursos preparat\u00f3rios online para diversas certifica\u00e7\u00f5es financeiras.\u200b Milhares alunos da TopInvest j\u00e1 garantiram a sua certifica\u00e7\u00e3o financeira nesses mais de 10 anos de atua\u00e7\u00e3o.&nbsp;\u200b Nossa experi\u00eancia, aliada a uma plataforma completa, faz com que sejamos refer\u00eancia na \u00e1rea.\u200b<\/p>\n","protected":false},"author":1,"featured_media":27759,"parent":0,"menu_order":0,"comment_status":"closed","ping_status":"closed","template":"pages\/about.php","meta":{"_acf_changed":false,"_editorskit_title_hidden":false,"_editorskit_reading_time":1,"_editorskit_is_block_options_detached":false,"_editorskit_block_options_position":"{}","advgb_blocks_editor_width":"","advgb_blocks_columns_visual_guide":"","footnotes":""},"class_list":["post-14395","page","type-page","status-publish","has-post-thumbnail","hentry"],"acf":[],"coauthors":[],"author_meta":{"author_link":"https:\/\/www.topinvest.com.br\/blog\/author\/kleber\/","display_name":"Kleber Stumpf"},"relative_dates":{"created":"Publicado 6 anos atr\u00e1s","modified":"Atualizado 1 ano atr\u00e1s"},"absolute_dates":{"created":"Publicado em 25 de fevereiro de 2020","modified":"Atualizado em 22 de janeiro de 2025"},"absolute_dates_time":{"created":"Publicado em 25 de fevereiro de 2020 14:38","modified":"Atualizado em 22 de janeiro de 2025 10:08"},"featured_img_caption":"","featured_img":"https:\/\/www.topinvest.com.br\/blog\/wp-content\/uploads\/2021\/05\/fundo.png","series_order":"","_links":{"self":[{"href":"https:\/\/www.topinvest.com.br\/blog\/wp-json\/wp\/v2\/pages\/14395","targetHints":{"allow":["GET"]}}],"collection":[{"href":"https:\/\/www.topinvest.com.br\/blog\/wp-json\/wp\/v2\/pages"}],"about":[{"href":"https:\/\/www.topinvest.com.br\/blog\/wp-json\/wp\/v2\/types\/page"}],"author":[{"embeddable":true,"href":"https:\/\/www.topinvest.com.br\/blog\/wp-json\/wp\/v2\/users\/1"}],"replies":[{"embeddable":true,"href":"https:\/\/www.topinvest.com.br\/blog\/wp-json\/wp\/v2\/comments?post=14395"}],"version-history":[{"count":23,"href":"https:\/\/www.topinvest.com.br\/blog\/wp-json\/wp\/v2\/pages\/14395\/revisions"}],"predecessor-version":[{"id":28944,"href":"https:\/\/www.topinvest.com.br\/blog\/wp-json\/wp\/v2\/pages\/14395\/revisions\/28944"}],"wp:featuredmedia":[{"embeddable":true,"href":"https:\/\/www.topinvest.com.br\/blog\/wp-json\/wp\/v2\/media\/27759"}],"wp:attachment":[{"href":"https:\/\/www.topinvest.com.br\/blog\/wp-json\/wp\/v2\/media?parent=14395"}],"curies":[{"name":"wp","href":"https:\/\/api.w.org\/{rel}","templated":true}]}}